{"id":1058,"date":"2019-11-15T14:22:43","date_gmt":"2019-11-15T14:22:43","guid":{"rendered":"https:\/\/x-theme.net\/avas-education\/?page_id=172"},"modified":"2024-12-12T11:38:50","modified_gmt":"2024-12-12T10:38:50","slug":"a-propos-de-nous-2","status":"publish","type":"page","link":"https:\/\/epa-garderielavanchy.com\/index.php\/a-propos-de-nous-2\/","title":{"rendered":"A propos de nous"},"content":{"rendered":"\t\t<div data-elementor-type=\"wp-page\" data-elementor-id=\"1058\" class=\"elementor elementor-1058\">\n\t\t\t\t<div class=\"elementor-element elementor-element-2b378c0 e-con-full e-flex e-con e-parent\" data-id=\"2b378c0\" data-element_type=\"container\">\n\t\t\t\t<div class=\"elementor-element elementor-element-edec041 elementor-drop-cap-yes elementor-widget__width-initial elementor-drop-cap-view-default elementor-widget elementor-widget-text-editor\" data-id=\"edec041\" data-element_type=\"widget\" data-settings=\"{&quot;drop_cap&quot;:&quot;yes&quot;}\" data-widget_type=\"text-editor.default\">\n\t\t\t\t<div class=\"elementor-widget-container\">\n\t\t\t\t\t\t\t<h4 class=\"font_8 wixui-rich-text__text\"><em><strong><span class=\"wixui-rich-text__text\">Nous sommes \u00a0une association qui s\u2019adresse aux enfants mineurs atteints de d\u00e9ficience mentale, vivant en R\u00e9publique d\u00e9mocratique du Congo.<\/span><\/strong><\/em><\/h4><h4 class=\"font_8 wixui-rich-text__text\"><em><strong><span class=\"wixui-rich-text__text\">L\u2019action de l\u2019EPA se r\u00e9f\u00e8re \u00e0 la D\u00e9claration des droits de l\u2019Homme, \u00e0 la D\u00e9claration des droits de l\u2019enfant, \u00e0 la D\u00e9claration des droits du d\u00e9ficient mental, \u00e0 la Convention relative aux droits des personnes handicap\u00e9es et, par cons\u00e9quent, aux pr\u00e9ceptes de l\u2019Humanisme.<\/span><\/strong><\/em><\/h4><h4 class=\"font_8 wixui-rich-text__text\"><em><strong><span class=\"wixui-rich-text__text\">Elle repose sur le postulat que la vie de la personne en situation de handicap a une valeur inali\u00e9nable et un sens qui en fait fondamentalement l\u2019\u00e9gale de tout autre membre de la communaut\u00e9 humaine dont elle fait partie de droit.<\/span><\/strong><\/em><\/h4><h4 class=\"font_8 wixui-rich-text__text\"><em><strong><span class=\"wixui-rich-text__text\">Cela veut aussi dire que la personne d\u00e9ficiente mentale est consid\u00e9r\u00e9e comme un \u00eatre pris dans sa globalit\u00e9, avec ses dimensions physique, psychique, affective, sociale, cr\u00e9atrice, intellectuelle et spirituelle, dont les d\u00e9ficits ne constituent qu\u2019une facette de sa personnalit\u00e9.<\/span><\/strong><\/em><\/h4>\t\t\t\t\t\t<\/div>\n\t\t\t\t<\/div>\n\t\t\t\t<\/div>\n\t\t\t\t<section class=\"elementor-section elementor-top-section elementor-element elementor-element-20af3dd6 elementor-section-stretched elementor-section-boxed elementor-section-height-default elementor-section-height-default\" data-id=\"20af3dd6\" data-element_type=\"section\" data-settings=\"{&quot;stretch_section&quot;:&quot;section-stretched&quot;,&quot;background_background&quot;:&quot;classic&quot;}\">\n\t\t\t\t\t\t\t<div class=\"elementor-background-overlay\"><\/div>\n\t\t\t\t\t\t\t<div class=\"elementor-container elementor-column-gap-default\">\n\t\t\t\t\t<div class=\"elementor-column elementor-col-100 elementor-top-column elementor-element elementor-element-27a97bd0\" data-id=\"27a97bd0\" data-element_type=\"column\">\n\t\t\t<div class=\"elementor-widget-wrap elementor-element-populated\">\n\t\t\t\t\t\t<div class=\"elementor-element elementor-element-57031639 elementor-widget__width-initial tx-hd-align-center elementor-widget elementor-widget-avas-heading\" data-id=\"57031639\" data-element_type=\"widget\" data-widget_type=\"avas-heading.default\">\n\t\t\t\t<div class=\"elementor-widget-container\">\n\t\t\t        <div class=\"tx-hd-wrap\">\n\n            <div class=\"tx-hd-wm\"><\/div>\n\n            \n            <div class=\"tx-hd-sub\"><\/div>\n                        <h2 class=\"tx-hd-title\">\n                <span class=\"tx-hd-first-part\">Espoir pour l\u2019Avenir, EPA en sigle, a pour but :<\/span>\n                <span class=\"tx-hd-last-part\"><\/span>\n            <\/h2>    \n            \n            <div class=\"tx-hd-desc\"><div id=\"comp-m1xslzyj\" class=\"HcOXKn c9GqVL QxJLC3 lq2cno comp-m1xslzyj wixui-rich-text\" data-testid=\"richTextElement\" data-motion-enter=\"done\"><p><em><strong>Accueillir les enfants mineurs atteints de d\u00e9ficience mentale ;<\/strong><\/em><\/p><p><em><strong>Leur offrir un soutien personnalis\u00e9 dans l\u2019\u00e9ducation et l\u2019enseignement ;<\/strong><\/em><\/p><p><em><strong>Leur offrir un accompagnement appropri\u00e9 et des traitements ad\u00e9quats adapt\u00e9s aux diff\u00e9rentes probl\u00e9matiques de sant\u00e9s qu\u2019ils pr\u00e9sentent.<\/strong><\/em><\/p><p><em><strong>Les missions de l\u2019EPA sont les suivantes :<\/strong><\/em><\/p><p><em><strong>Lutter contre la discrimination ou l\u2019intol\u00e9rance de ces enfants mineurs ;<\/strong><\/em><\/p><p><em><strong>Promouvoir le bien \u00eatre et la d\u00e9fense des int\u00e9r\u00eats de ces enfants.<\/strong><\/em><\/p><p><em><strong>Lutter pour que ces enfants vivant en R\u00e9publique D\u00e9mocratique du Congo b\u00e9n\u00e9ficient aussi des droits reconnus dans la constitution internationale des droits humains.<\/strong><\/em><\/p><p><em><strong>Assurer la mobilisation des ressources et mener des actions caritatives et humanitaires au profit de ces enfants.<\/strong><\/em><\/p><\/div><\/div>\n\n\n                   \n        <\/div><!-- tx-hd-wrap -->\n\n\n\n\n\n\n\n\n\t\t<\/div>\n\t\t\t\t<\/div>\n\t\t\t\t\t<\/div>\n\t\t<\/div>\n\t\t\t\t\t<\/div>\n\t\t<\/section>\n\t\t\t\t<section class=\"elementor-section elementor-top-section elementor-element elementor-element-28e81fa5 elementor-section-stretched elementor-section-boxed elementor-section-height-default elementor-section-height-default\" data-id=\"28e81fa5\" data-element_type=\"section\" data-settings=\"{&quot;stretch_section&quot;:&quot;section-stretched&quot;,&quot;background_background&quot;:&quot;classic&quot;}\">\n\t\t\t\t\t\t<div class=\"elementor-container elementor-column-gap-default\">\n\t\t\t\t\t<div class=\"elementor-column elementor-col-33 elementor-top-column elementor-element elementor-element-1bcfa746\" data-id=\"1bcfa746\" data-element_type=\"column\">\n\t\t\t<div class=\"elementor-widget-wrap elementor-element-populated\">\n\t\t\t\t\t\t<div class=\"elementor-element elementor-element-34c730bb tx-hd-align-left elementor-widget__width-initial elementor-widget elementor-widget-avas-heading\" data-id=\"34c730bb\" data-element_type=\"widget\" data-widget_type=\"avas-heading.default\">\n\t\t\t\t<div class=\"elementor-widget-container\">\n\t\t\t        <div class=\"tx-hd-wrap\">\n\n            <div class=\"tx-hd-wm\"><\/div>\n\n            \n            <div class=\"tx-hd-sub\"><\/div>\n                        <h2 class=\"tx-hd-title\">\n                <span class=\"tx-hd-first-part\">Notre histoire...<\/span>\n                <span class=\"tx-hd-last-part\"><\/span>\n            <\/h2>    \n            \n            <div class=\"tx-hd-desc\"><p class=\"font_8 wixui-rich-text__text\"><strong><span class=\"wixui-rich-text__text\">Espoir pour l\u2019avenir, EPA en sigle, est une association qui s\u2019adresse aux enfants mineurs atteints de d\u00e9ficience mentale, vivant en R\u00e9publique d\u00e9mocratique du Congo.<\/span><\/strong><\/p><p class=\"font_8 wixui-rich-text__text\"><strong><span class=\"wixui-rich-text__text\">Espoir pour l\u2019avenir est l\u2019histoire d\u2019une vision r\u00e9fl\u00e9chie de l\u2019\u00e9ducation et du partenariat \u00e0 l\u2019\u00e9quilibre r\u00e9ussi entre vie familiale et vie professionnelle. L'Espoir pour l\u2019avenir est dans ce contexte, une r\u00e9ponse adapt\u00e9e aux besoins pluriels des familles, qui disposent \u00e0 ce titre, d\u2019une garderie et d'une \u00e9cole o\u00f9 les missions et les valeurs sont orient\u00e9es autour de l\u2019enfant et du collectif.<\/span><\/strong><\/p><\/div>\n\n\n                   \n        <\/div><!-- tx-hd-wrap -->\n\n\n\n\n\n\n\n\n\t\t<\/div>\n\t\t\t\t<\/div>\n\t\t\t\t\t<\/div>\n\t\t<\/div>\n\t\t\t\t<div class=\"elementor-column elementor-col-33 elementor-top-column elementor-element elementor-element-1f6c9bb8\" data-id=\"1f6c9bb8\" data-element_type=\"column\">\n\t\t\t<div class=\"elementor-widget-wrap\">\n\t\t\t\t\t\t\t<\/div>\n\t\t<\/div>\n\t\t\t\t<div class=\"elementor-column elementor-col-33 elementor-top-column elementor-element elementor-element-16f7e318\" data-id=\"16f7e318\" data-element_type=\"column\">\n\t\t\t<div class=\"elementor-widget-wrap\">\n\t\t\t\t\t\t\t<\/div>\n\t\t<\/div>\n\t\t\t\t\t<\/div>\n\t\t<\/section>\n\t\t\t\t<section class=\"elementor-section elementor-top-section elementor-element elementor-element-9b354c3 elementor-section-stretched elementor-section-boxed elementor-section-height-default elementor-section-height-default\" data-id=\"9b354c3\" data-element_type=\"section\" data-settings=\"{&quot;stretch_section&quot;:&quot;section-stretched&quot;,&quot;background_background&quot;:&quot;gradient&quot;}\">\n\t\t\t\t\t\t\t<div class=\"elementor-background-overlay\"><\/div>\n\t\t\t\t\t\t\t<div class=\"elementor-container elementor-column-gap-default\">\n\t\t\t\t\t<div class=\"elementor-column elementor-col-50 elementor-top-column elementor-element elementor-element-34e400c\" data-id=\"34e400c\" data-element_type=\"column\">\n\t\t\t<div class=\"elementor-widget-wrap elementor-element-populated\">\n\t\t\t\t\t\t<div class=\"elementor-element elementor-element-3d7e7b2 tx-hd-align-left elementor-widget elementor-widget-avas-heading\" data-id=\"3d7e7b2\" data-element_type=\"widget\" data-widget_type=\"avas-heading.default\">\n\t\t\t\t<div class=\"elementor-widget-container\">\n\t\t\t        <div class=\"tx-hd-wrap\">\n\n            <div class=\"tx-hd-wm\"><\/div>\n\n            \n            <div class=\"tx-hd-sub\"><\/div>\n                        <h2 class=\"tx-hd-title\">\n                <span class=\"tx-hd-first-part\"> Abonnez-vous \u00e0 notre newsletter<\/span>\n                <span class=\"tx-hd-last-part\"><\/span>\n            <\/h2>    \n            \n            <div class=\"tx-hd-desc\"><\/div>\n\n\n                   \n        <\/div><!-- tx-hd-wrap -->\n\n\n\n\n\n\n\n\n\t\t<\/div>\n\t\t\t\t<\/div>\n\t\t\t\t\t<\/div>\n\t\t<\/div>\n\t\t\t\t<div class=\"elementor-column elementor-col-50 elementor-top-column elementor-element elementor-element-824ba71\" data-id=\"824ba71\" data-element_type=\"column\">\n\t\t\t<div class=\"elementor-widget-wrap elementor-element-populated\">\n\t\t\t\t\t\t<div class=\"elementor-element elementor-element-1ec32d4 elementor-widget elementor-widget-avas-contact-form-7\" data-id=\"1ec32d4\" data-element_type=\"widget\" data-widget_type=\"avas-contact-form-7.default\">\n\t\t\t\t<div class=\"elementor-widget-container\">\n\t\t\t        \n                <div class=\"tx-contact-form-7\">\n\n           \n<div class=\"wpcf7 no-js\" id=\"wpcf7-f728-o1\" lang=\"en-US\" dir=\"ltr\" data-wpcf7-id=\"728\">\n<div class=\"screen-reader-response\"><p role=\"status\" aria-live=\"polite\" aria-atomic=\"true\"><\/p> <ul><\/ul><\/div>\n<form action=\"\/index.php\/wp-json\/wp\/v2\/pages\/1058#wpcf7-f728-o1\" method=\"post\" class=\"wpcf7-form init\" aria-label=\"Contact form\" novalidate=\"novalidate\" data-status=\"init\">\n<div style=\"display: none;\">\n<input type=\"hidden\" name=\"_wpcf7\" value=\"728\" \/>\n<input type=\"hidden\" name=\"_wpcf7_version\" value=\"6.0.1\" \/>\n<input type=\"hidden\" name=\"_wpcf7_locale\" value=\"en_US\" \/>\n<input type=\"hidden\" name=\"_wpcf7_unit_tag\" value=\"wpcf7-f728-o1\" \/>\n<input type=\"hidden\" name=\"_wpcf7_container_post\" value=\"0\" \/>\n<input type=\"hidden\" name=\"_wpcf7_posted_data_hash\" value=\"\" \/>\n<\/div>\n<div style=\"float:left;width:70%\">\n\t<p><span class=\"wpcf7-form-control-wrap\" data-name=\"your-email\"><input size=\"40\" maxlength=\"400\" class=\"wpcf7-form-control wpcf7-email wpcf7-validates-as-required wpcf7-text wpcf7-validates-as-email\" aria-required=\"true\" aria-invalid=\"false\" placeholder=\"Enter Email\" value=\"\" type=\"email\" name=\"your-email\" \/><\/span>\n\t<\/p>\n<\/div>\n<p><input class=\"wpcf7-form-control wpcf7-submit has-spinner\" type=\"submit\" value=\"SUBSCRIBE\" \/>\n<\/p><div class=\"wpcf7-response-output\" aria-hidden=\"true\"><\/div>\n<\/form>\n<\/div>\n       \n        <\/div><!-- tx-contact-form-7 -->\n        \n    \t\t<\/div>\n\t\t\t\t<\/div>\n\t\t\t\t\t<\/div>\n\t\t<\/div>\n\t\t\t\t\t<\/div>\n\t\t<\/section>\n\t\t\t\t<\/div>\n\t\t","protected":false},"excerpt":{"rendered":"<p class=\"tx-excerpt\">Nous sommes \u00a0une association qui s\u2019adresse aux enfants mineurs atteints de d\u00e9ficience mentale, vivant en R\u00e9publique d\u00e9mocratique du Congo. L\u2019action <\/p>","protected":false},"author":2,"featured_media":0,"parent":0,"menu_order":0,"comment_status":"closed","ping_status":"closed","template":"templates\/blank.php","meta":{"footnotes":""},"class_list":["post-1058","page","type-page","status-publish","hentry"],"yoast_head":"<!-- This site is optimized with the Yoast SEO plugin v24.0 - https:\/\/yoast.com\/wordpress\/plugins\/seo\/ -->\n<title>A propos de nous - Espoir pour l&#039;Avenir \/ ASBL<\/title>\n<meta name=\"robots\" content=\"index, follow, max-snippet:-1, max-image-preview:large, max-video-preview:-1\" \/>\n<link rel=\"canonical\" href=\"https:\/\/epa-garderielavanchy.com\/index.php\/a-propos-de-nous-2\/\" \/>\n<meta property=\"og:locale\" content=\"fr_FR\" \/>\n<meta property=\"og:type\" content=\"article\" \/>\n<meta property=\"og:title\" content=\"A propos de nous - Espoir pour l&#039;Avenir \/ ASBL\" \/>\n<meta property=\"og:description\" content=\"Nous sommes \u00a0une association qui s\u2019adresse aux enfants mineurs atteints de d\u00e9ficience mentale, vivant en R\u00e9publique d\u00e9mocratique du Congo. L\u2019action [&hellip;]\" \/>\n<meta property=\"og:url\" content=\"https:\/\/epa-garderielavanchy.com\/index.php\/a-propos-de-nous-2\/\" \/>\n<meta property=\"og:site_name\" content=\"Espoir pour l&#039;Avenir \/ ASBL\" \/>\n<meta property=\"article:modified_time\" content=\"2024-12-12T10:38:50+00:00\" \/>\n<meta name=\"twitter:card\" content=\"summary_large_image\" \/>\n<meta name=\"twitter:label1\" content=\"Dur\u00e9e de lecture estim\u00e9e\" \/>\n\t<meta name=\"twitter:data1\" content=\"3 minutes\" \/>\n<script type=\"application\/ld+json\" class=\"yoast-schema-graph\">{\"@context\":\"https:\/\/schema.org\",\"@graph\":[{\"@type\":\"WebPage\",\"@id\":\"https:\/\/epa-garderielavanchy.com\/index.php\/a-propos-de-nous-2\/\",\"url\":\"https:\/\/epa-garderielavanchy.com\/index.php\/a-propos-de-nous-2\/\",\"name\":\"A propos de nous - Espoir pour l&#039;Avenir \/ ASBL\",\"isPartOf\":{\"@id\":\"https:\/\/epa-garderielavanchy.com\/#website\"},\"datePublished\":\"2019-11-15T14:22:43+00:00\",\"dateModified\":\"2024-12-12T10:38:50+00:00\",\"breadcrumb\":{\"@id\":\"https:\/\/epa-garderielavanchy.com\/index.php\/a-propos-de-nous-2\/#breadcrumb\"},\"inLanguage\":\"fr-FR\",\"potentialAction\":[{\"@type\":\"ReadAction\",\"target\":[\"https:\/\/epa-garderielavanchy.com\/index.php\/a-propos-de-nous-2\/\"]}]},{\"@type\":\"BreadcrumbList\",\"@id\":\"https:\/\/epa-garderielavanchy.com\/index.php\/a-propos-de-nous-2\/#breadcrumb\",\"itemListElement\":[{\"@type\":\"ListItem\",\"position\":1,\"name\":\"Accueil\",\"item\":\"https:\/\/epa-garderielavanchy.com\/\"},{\"@type\":\"ListItem\",\"position\":2,\"name\":\"A propos de nous\"}]},{\"@type\":\"WebSite\",\"@id\":\"https:\/\/epa-garderielavanchy.com\/#website\",\"url\":\"https:\/\/epa-garderielavanchy.com\/\",\"name\":\"Espoir pour l&#039;Avenir \/ ASBL\",\"description\":\"Espoir pour l&#039;avenir (EPA)\",\"publisher\":{\"@id\":\"https:\/\/epa-garderielavanchy.com\/#organization\"},\"potentialAction\":[{\"@type\":\"SearchAction\",\"target\":{\"@type\":\"EntryPoint\",\"urlTemplate\":\"https:\/\/epa-garderielavanchy.com\/?s={search_term_string}\"},\"query-input\":{\"@type\":\"PropertyValueSpecification\",\"valueRequired\":true,\"valueName\":\"search_term_string\"}}],\"inLanguage\":\"fr-FR\"},{\"@type\":\"Organization\",\"@id\":\"https:\/\/epa-garderielavanchy.com\/#organization\",\"name\":\"Espoir pour l&#039;Avenir \/ ASBL\",\"url\":\"https:\/\/epa-garderielavanchy.com\/\",\"logo\":{\"@type\":\"ImageObject\",\"inLanguage\":\"fr-FR\",\"@id\":\"https:\/\/epa-garderielavanchy.com\/#\/schema\/logo\/image\/\",\"url\":\"https:\/\/epa-garderielavanchy.com\/wp-content\/uploads\/2024\/12\/Logo_EPA.jpg\",\"contentUrl\":\"https:\/\/epa-garderielavanchy.com\/wp-content\/uploads\/2024\/12\/Logo_EPA.jpg\",\"width\":500,\"height\":500,\"caption\":\"Espoir pour l&#039;Avenir \/ ASBL\"},\"image\":{\"@id\":\"https:\/\/epa-garderielavanchy.com\/#\/schema\/logo\/image\/\"}}]}<\/script>\n<!-- \/ Yoast SEO plugin. -->","yoast_head_json":{"title":"A propos de nous - Espoir pour l&#039;Avenir \/ ASBL","robots":{"index":"index","follow":"follow","max-snippet":"max-snippet:-1","max-image-preview":"max-image-preview:large","max-video-preview":"max-video-preview:-1"},"canonical":"https:\/\/epa-garderielavanchy.com\/index.php\/a-propos-de-nous-2\/","og_locale":"fr_FR","og_type":"article","og_title":"A propos de nous - Espoir pour l&#039;Avenir \/ ASBL","og_description":"Nous sommes \u00a0une association qui s\u2019adresse aux enfants mineurs atteints de d\u00e9ficience mentale, vivant en R\u00e9publique d\u00e9mocratique du Congo. L\u2019action [&hellip;]","og_url":"https:\/\/epa-garderielavanchy.com\/index.php\/a-propos-de-nous-2\/","og_site_name":"Espoir pour l&#039;Avenir \/ ASBL","article_modified_time":"2024-12-12T10:38:50+00:00","twitter_card":"summary_large_image","twitter_misc":{"Dur\u00e9e de lecture estim\u00e9e":"3 minutes"},"schema":{"@context":"https:\/\/schema.org","@graph":[{"@type":"WebPage","@id":"https:\/\/epa-garderielavanchy.com\/index.php\/a-propos-de-nous-2\/","url":"https:\/\/epa-garderielavanchy.com\/index.php\/a-propos-de-nous-2\/","name":"A propos de nous - Espoir pour l&#039;Avenir \/ ASBL","isPartOf":{"@id":"https:\/\/epa-garderielavanchy.com\/#website"},"datePublished":"2019-11-15T14:22:43+00:00","dateModified":"2024-12-12T10:38:50+00:00","breadcrumb":{"@id":"https:\/\/epa-garderielavanchy.com\/index.php\/a-propos-de-nous-2\/#breadcrumb"},"inLanguage":"fr-FR","potentialAction":[{"@type":"ReadAction","target":["https:\/\/epa-garderielavanchy.com\/index.php\/a-propos-de-nous-2\/"]}]},{"@type":"BreadcrumbList","@id":"https:\/\/epa-garderielavanchy.com\/index.php\/a-propos-de-nous-2\/#breadcrumb","itemListElement":[{"@type":"ListItem","position":1,"name":"Accueil","item":"https:\/\/epa-garderielavanchy.com\/"},{"@type":"ListItem","position":2,"name":"A propos de nous"}]},{"@type":"WebSite","@id":"https:\/\/epa-garderielavanchy.com\/#website","url":"https:\/\/epa-garderielavanchy.com\/","name":"Espoir pour l&#039;Avenir \/ ASBL","description":"Espoir pour l&#039;avenir (EPA)","publisher":{"@id":"https:\/\/epa-garderielavanchy.com\/#organization"},"potentialAction":[{"@type":"SearchAction","target":{"@type":"EntryPoint","urlTemplate":"https:\/\/epa-garderielavanchy.com\/?s={search_term_string}"},"query-input":{"@type":"PropertyValueSpecification","valueRequired":true,"valueName":"search_term_string"}}],"inLanguage":"fr-FR"},{"@type":"Organization","@id":"https:\/\/epa-garderielavanchy.com\/#organization","name":"Espoir pour l&#039;Avenir \/ ASBL","url":"https:\/\/epa-garderielavanchy.com\/","logo":{"@type":"ImageObject","inLanguage":"fr-FR","@id":"https:\/\/epa-garderielavanchy.com\/#\/schema\/logo\/image\/","url":"https:\/\/epa-garderielavanchy.com\/wp-content\/uploads\/2024\/12\/Logo_EPA.jpg","contentUrl":"https:\/\/epa-garderielavanchy.com\/wp-content\/uploads\/2024\/12\/Logo_EPA.jpg","width":500,"height":500,"caption":"Espoir pour l&#039;Avenir \/ ASBL"},"image":{"@id":"https:\/\/epa-garderielavanchy.com\/#\/schema\/logo\/image\/"}}]}},"jetpack_sharing_enabled":true,"jetpack-related-posts":[],"_links":{"self":[{"href":"https:\/\/epa-garderielavanchy.com\/index.php\/wp-json\/wp\/v2\/pages\/1058","targetHints":{"allow":["GET"]}}],"collection":[{"href":"https:\/\/epa-garderielavanchy.com\/index.php\/wp-json\/wp\/v2\/pages"}],"about":[{"href":"https:\/\/epa-garderielavanchy.com\/index.php\/wp-json\/wp\/v2\/types\/page"}],"author":[{"embeddable":true,"href":"https:\/\/epa-garderielavanchy.com\/index.php\/wp-json\/wp\/v2\/users\/2"}],"replies":[{"embeddable":true,"href":"https:\/\/epa-garderielavanchy.com\/index.php\/wp-json\/wp\/v2\/comments?post=1058"}],"version-history":[{"count":56,"href":"https:\/\/epa-garderielavanchy.com\/index.php\/wp-json\/wp\/v2\/pages\/1058\/revisions"}],"predecessor-version":[{"id":1392,"href":"https:\/\/epa-garderielavanchy.com\/index.php\/wp-json\/wp\/v2\/pages\/1058\/revisions\/1392"}],"wp:attachment":[{"href":"https:\/\/epa-garderielavanchy.com\/index.php\/wp-json\/wp\/v2\/media?parent=1058"}],"curies":[{"name":"wp","href":"https:\/\/api.w.org\/{rel}","templated":true}]}}